{"id":694,"date":"2019-07-11T00:06:03","date_gmt":"2019-07-10T22:06:03","guid":{"rendered":"http:\/\/beta.ppholding.de\/?page_id=694"},"modified":"2024-01-30T13:44:14","modified_gmt":"2024-01-30T12:44:14","slug":"ueber-uns","status":"publish","type":"page","link":"https:\/\/www.ppholding.de\/en\/ueber-uns\/","title":{"rendered":"\u00dcber Uns"},"content":{"rendered":"\t\t<div data-elementor-type=\"wp-post\" data-elementor-id=\"694\" class=\"elementor elementor-694\">\n\t\t\t\t\t\t\t\t\t<section class=\"elementor-section elementor-top-section elementor-element elementor-element-2a50e843 elementor-section-height-min-height elementor-section-boxed elementor-section-height-default elementor-section-items-middle\" data-id=\"2a50e843\" data-element_type=\"section\" data-settings=\"{&quot;background_background&quot;:&quot;classic&quot;}\">\n\t\t\t\t\t\t<div class=\"elementor-container elementor-column-gap-default\">\n\t\t\t\t\t<div class=\"elementor-column elementor-col-100 elementor-top-column elementor-element elementor-element-538f6181\" data-id=\"538f6181\" data-element_type=\"column\">\n\t\t\t<div class=\"elementor-widget-wrap\">\n\t\t\t\t\t\t\t\t\t<\/div>\n\t\t<\/div>\n\t\t\t\t\t\t\t<\/div>\n\t\t<\/section>\n\t\t\t\t<section class=\"elementor-section elementor-top-section elementor-element elementor-element-1d12d271 elementor-section-boxed elementor-section-height-default elementor-section-height-default\" data-id=\"1d12d271\" data-element_type=\"section\" data-settings=\"{&quot;background_background&quot;:&quot;classic&quot;}\">\n\t\t\t\t\t\t<div class=\"elementor-container elementor-column-gap-default\">\n\t\t\t\t\t<div class=\"elementor-column elementor-col-100 elementor-top-column elementor-element elementor-element-b000714\" data-id=\"b000714\" data-element_type=\"column\">\n\t\t\t<div class=\"elementor-widget-wrap elementor-element-populated\">\n\t\t\t\t\t\t\t\t<div class=\"elementor-element elementor-element-3e0ea08a decor-line elementor-widget elementor-widget-heading\" data-id=\"3e0ea08a\" data-element_type=\"widget\" data-widget_type=\"heading.default\">\n\t\t\t\t<div class=\"elementor-widget-container\">\n\t\t\t<h2 class=\"elementor-heading-title elementor-size-medium\">Vision\u00e4r. Erfolgreich. Pers\u00f6nlich.<\/h2>\t\t<\/div>\n\t\t\t\t<\/div>\n\t\t\t\t<div class=\"elementor-element elementor-element-456b28ab elementor-widget elementor-widget-heading\" data-id=\"456b28ab\" data-element_type=\"widget\" data-widget_type=\"heading.default\">\n\t\t\t\t<div class=\"elementor-widget-container\">\n\t\t\t<h4 class=\"elementor-heading-title elementor-size-default\">Gemeinsam neue Wege gehen.<\/h4>\t\t<\/div>\n\t\t\t\t<\/div>\n\t\t\t\t<div class=\"elementor-element elementor-element-3c52024c margin-left-auto margin-right-auto elementor-widget__width-initial elementor-widget elementor-widget-text-editor\" data-id=\"3c52024c\" data-element_type=\"widget\" data-widget_type=\"text-editor.default\">\n\t\t\t\t<div class=\"elementor-widget-container\">\n\t\t\t\t\t\t\t<p>Seit vielen Jahren ist Berlin eine kulturelle Metropole Europas, mit aktuell j\u00e4hrlich \u00fcber 30 Millionen Besuchern aus aller Welt, einer bl\u00fchenden Start-Up- und K\u00fcnstlerszene und enormem wirtschaftlichen Entwicklungspotenzial f\u00fcr die Zukunft. Premium Property Holding &#8211; ein Immobilien-Investment und Private Equity Unternehmen &#8211; arbeitet mit Leidenschaft daran, diese Chancen fr\u00fch zu erkennen und auf Grundlage umfangreicher Analysen zu ergreifen. Wir realisieren au\u00dfergew\u00f6hnliche Projekte, um dank einer nachhaltigen Anlagestrategie eine individuelle Wertsteigerung zu erreichen. Gemeinsam mit unseren professionellen Partnern und einem spezialisierten Team aus erfahrenen Experten stehen wir f\u00fcr Exzellenz in Akquise und Entwicklung erstklassiger und vielversprechender Immobilien sowohl in der deutschen Hauptstadt als auch an weiteren interessanten Standorten bundesweit.<\/p>\t\t\t\t\t\t<\/div>\n\t\t\t\t<\/div>\n\t\t\t\t\t<\/div>\n\t\t<\/div>\n\t\t\t\t\t\t\t<\/div>\n\t\t<\/section>\n\t\t\t\t<section class=\"elementor-section elementor-top-section elementor-element elementor-element-40c22402 elementor-section-height-min-height elementor-section-boxed elementor-section-height-default elementor-section-items-middle\" data-id=\"40c22402\" data-element_type=\"section\" data-settings=\"{&quot;background_background&quot;:&quot;classic&quot;}\">\n\t\t\t\t\t\t<div class=\"elementor-container elementor-column-gap-default\">\n\t\t\t\t\t<div class=\"elementor-column elementor-col-100 elementor-top-column elementor-element elementor-element-236e885b\" data-id=\"236e885b\" data-element_type=\"column\">\n\t\t\t<div class=\"elementor-widget-wrap elementor-element-populated\">\n\t\t\t\t\t\t\t\t<div class=\"elementor-element elementor-element-255468d2 elementor-widget elementor-widget-heading\" data-id=\"255468d2\" data-element_type=\"widget\" data-widget_type=\"heading.default\">\n\t\t\t\t<div class=\"elementor-widget-container\">\n\t\t\t<h5 class=\"elementor-heading-title elementor-size-default\">WIR SETZEN AUF <br>\nLANGJ\u00c4HRIGE EXPERTISE<\/h5>\t\t<\/div>\n\t\t\t\t<\/div>\n\t\t\t\t\t<\/div>\n\t\t<\/div>\n\t\t\t\t\t\t\t<\/div>\n\t\t<\/section>\n\t\t\t\t<section class=\"elementor-section elementor-top-section elementor-element elementor-element-1af5bd3d elementor-section-boxed elementor-section-height-default elementor-section-height-default\" data-id=\"1af5bd3d\" data-element_type=\"section\">\n\t\t\t\t\t\t<div class=\"elementor-container elementor-column-gap-default\">\n\t\t\t\t\t<div class=\"elementor-column elementor-col-50 elementor-top-column elementor-element elementor-element-7c28e5c8\" data-id=\"7c28e5c8\" data-element_type=\"column\">\n\t\t\t<div class=\"elementor-widget-wrap elementor-element-populated\">\n\t\t\t\t\t\t\t\t<div class=\"elementor-element elementor-element-649cdb10 elementor-widget elementor-widget-heading\" data-id=\"649cdb10\" data-element_type=\"widget\" data-widget_type=\"heading.default\">\n\t\t\t\t<div class=\"elementor-widget-container\">\n\t\t\t<h2 class=\"elementor-heading-title elementor-size-medium\">VERANTWORTUNGSVOLL \nHANDELN.<\/h2>\t\t<\/div>\n\t\t\t\t<\/div>\n\t\t\t\t<div class=\"elementor-element elementor-element-4e5fbcf9 elementor-widget elementor-widget-text-editor\" data-id=\"4e5fbcf9\" data-element_type=\"widget\" data-widget_type=\"text-editor.default\">\n\t\t\t\t<div class=\"elementor-widget-container\">\n\t\t\t\t\t\t\t<p>Entsprechend unserer Investitionsstrategien leiten wir den kompletten Anlageprozess: von der Marktanalyse \u00fcber das konkrete Identifizieren von objekt- und Investor-\u00adspezifischen Anlagem\u00f6glichkeiten bis hin zur aktiven Planungs- und Bauausf\u00fchrung sowie Fertigstellung und nachfolgendem Asset-Management und gegebenenfalls Verkauf der erworbenen Objekte.<\/p>\t\t\t\t\t\t<\/div>\n\t\t\t\t<\/div>\n\t\t\t\t\t<\/div>\n\t\t<\/div>\n\t\t\t\t<div class=\"elementor-column elementor-col-50 elementor-top-column elementor-element elementor-element-141102ee\" data-id=\"141102ee\" data-element_type=\"column\">\n\t\t\t<div class=\"elementor-widget-wrap elementor-element-populated\">\n\t\t\t\t\t\t\t\t<div class=\"elementor-element elementor-element-46005398 elementor-widget elementor-widget-image\" data-id=\"46005398\" data-element_type=\"widget\" data-widget_type=\"image.default\">\n\t\t\t\t<div class=\"elementor-widget-container\">\n\t\t\t\t\t\t\t\t\t\t\t\t\t\t\t<img fetchpriority=\"high\" decoding=\"async\" width=\"548\" height=\"475\" src=\"https:\/\/www.ppholding.de\/wp-content\/uploads\/2019\/06\/pic_frame-1.jpg\" class=\"attachment-full size-full wp-image-687\" alt=\"\" srcset=\"https:\/\/www.ppholding.de\/wp-content\/uploads\/2019\/06\/pic_frame-1.jpg 548w, https:\/\/www.ppholding.de\/wp-content\/uploads\/2019\/06\/pic_frame-1-300x260.jpg 300w\" sizes=\"(max-width: 548px) 100vw, 548px\" \/>\t\t\t\t\t\t\t\t\t\t\t\t\t\t\t<\/div>\n\t\t\t\t<\/div>\n\t\t\t\t\t<\/div>\n\t\t<\/div>\n\t\t\t\t\t\t\t<\/div>\n\t\t<\/section>\n\t\t\t\t<section class=\"elementor-section elementor-top-section elementor-element elementor-element-6ba12406 elementor-section-boxed elementor-section-height-default elementor-section-height-default\" data-id=\"6ba12406\" data-element_type=\"section\" data-settings=\"{&quot;background_background&quot;:&quot;classic&quot;}\">\n\t\t\t\t\t\t<div class=\"elementor-container elementor-column-gap-default\">\n\t\t\t\t\t<div class=\"elementor-column elementor-col-100 elementor-top-column elementor-element elementor-element-69ca9c31\" data-id=\"69ca9c31\" data-element_type=\"column\">\n\t\t\t<div class=\"elementor-widget-wrap elementor-element-populated\">\n\t\t\t\t\t\t\t\t<div class=\"elementor-element elementor-element-4b505b30 decor-line elementor-widget elementor-widget-heading\" data-id=\"4b505b30\" data-element_type=\"widget\" data-widget_type=\"heading.default\">\n\t\t\t\t<div class=\"elementor-widget-container\">\n\t\t\t<h2 class=\"elementor-heading-title elementor-size-default\">Unser Team<\/h2>\t\t<\/div>\n\t\t\t\t<\/div>\n\t\t\t\t<div class=\"elementor-element elementor-element-43d61b65 elementor-widget elementor-widget-upa-team-members\" data-id=\"43d61b65\" data-element_type=\"widget\" data-widget_type=\"upa-team-members.default\">\n\t\t\t\t<div class=\"elementor-widget-container\">\n\t\t\t        <div class=\"holding-members-container\">\n                            <div class=\"holding-member-col\">\n                    <div class=\"holding-member\">\n                        <div class=\"holding-member__image\" style=\"background: url(https:\/\/www.ppholding.de\/wp-content\/uploads\/2019\/06\/PPH_Team_01-1.jpg) no-repeat center center \/ cover;\"><\/div>\n                        <div class=\"holding-member__content-wrap\">\n                            <h3 class=\"holding-member__name\">\n                                Dimitri Barinstein                                <span class=\"holding-member__position\">Gesch\u00e4ftsf\u00fchrender Gesellschafter<\/span>\n                            <\/h3>\n                            <div class=\"holding-member__content\">\n                                                                    <a class=\"holding-member__email\" href=\"mailto:d.barinstein@ppholding.de\">\n                                        d.barinstein@ppholding.de                                    <\/a>\n                                                            <\/div>\n                        <\/div>\n                    <\/div>\n                <\/div>\n                            <div class=\"holding-member-col\">\n                    <div class=\"holding-member\">\n                        <div class=\"holding-member__image\" style=\"background: url(https:\/\/www.ppholding.de\/wp-content\/uploads\/2019\/07\/Keywords-KW8.jpg) no-repeat center center \/ cover;\"><\/div>\n                        <div class=\"holding-member__content-wrap\">\n                            <h3 class=\"holding-member__name\">\n                                Jakov Dolgoj                                <span class=\"holding-member__position\">Gesellschafter<\/span>\n                            <\/h3>\n                            <div class=\"holding-member__content\">\n                                                                    <a class=\"holding-member__email\" href=\"mailto:dolgoj@ppholding.de\">\n                                        dolgoj@ppholding.de                                    <\/a>\n                                                            <\/div>\n                        <\/div>\n                    <\/div>\n                <\/div>\n                            <div class=\"holding-member-col\">\n                    <div class=\"holding-member\">\n                        <div class=\"holding-member__image\" style=\"background: url(https:\/\/www.ppholding.de\/wp-content\/uploads\/2019\/07\/PPH_Team_04.jpg) no-repeat center center \/ cover;\"><\/div>\n                        <div class=\"holding-member__content-wrap\">\n                            <h3 class=\"holding-member__name\">\n                                Karsten Schwenke                                <span class=\"holding-member__position\">MRICS  Dipl.-Kfm. (FH) | Projektentwicklung<\/span>\n                            <\/h3>\n                            <div class=\"holding-member__content\">\n                                                                    <a class=\"holding-member__email\" href=\"mailto:k.schwenke@ppholding.de\">\n                                        k.schwenke@ppholding.de                                    <\/a>\n                                                            <\/div>\n                        <\/div>\n                    <\/div>\n                <\/div>\n                            <div class=\"holding-member-col\">\n                    <div class=\"holding-member\">\n                        <div class=\"holding-member__image\" style=\"background: url(https:\/\/www.ppholding.de\/wp-content\/uploads\/2019\/07\/PPH_Team_05.jpg) no-repeat center center \/ cover;\"><\/div>\n                        <div class=\"holding-member__content-wrap\">\n                            <h3 class=\"holding-member__name\">\n                                Sascha Welke                                <span class=\"holding-member__position\">Dipl. Ing. (FH)(SA) Bau Ingenieur\/Technischer Leiter<\/span>\n                            <\/h3>\n                            <div class=\"holding-member__content\">\n                                                                    <a class=\"holding-member__email\" href=\"mailto:s.welke@ppholding.de\">\n                                        s.welke@ppholding.de                                    <\/a>\n                                                            <\/div>\n                        <\/div>\n                    <\/div>\n                <\/div>\n                            <div class=\"holding-member-col\">\n                    <div class=\"holding-member\">\n                        <div class=\"holding-member__image\" style=\"background: url(https:\/\/www.ppholding.de\/wp-content\/uploads\/2019\/07\/DSC3863-fe366e1c.jpg) no-repeat center center \/ cover;\"><\/div>\n                        <div class=\"holding-member__content-wrap\">\n                            <h3 class=\"holding-member__name\">\n                                Alexej K\u00e4hm                                <span class=\"holding-member__position\">Bauleiter<\/span>\n                            <\/h3>\n                            <div class=\"holding-member__content\">\n                                                                    <a class=\"holding-member__email\" href=\"mailto:alexej.kaehm@gmx.de\">\n                                        alexej.kaehm@gmx.de                                    <\/a>\n                                                            <\/div>\n                        <\/div>\n                    <\/div>\n                <\/div>\n                            <div class=\"holding-member-col\">\n                    <div class=\"holding-member\">\n                        <div class=\"holding-member__image\" style=\"background: url(https:\/\/www.ppholding.de\/wp-content\/uploads\/2019\/07\/PPH_Team_07.jpg) no-repeat center center \/ cover;\"><\/div>\n                        <div class=\"holding-member__content-wrap\">\n                            <h3 class=\"holding-member__name\">\n                                Anastasia Berger                                <span class=\"holding-member__position\">Finanzen\/Buchhaltung<\/span>\n                            <\/h3>\n                            <div class=\"holding-member__content\">\n                                                                    <a class=\"holding-member__email\" href=\"mailto:berger@ppholding.de\">\n                                        berger@ppholding.de                                    <\/a>\n                                                            <\/div>\n                        <\/div>\n                    <\/div>\n                <\/div>\n                            <div class=\"holding-member-col\">\n                    <div class=\"holding-member\">\n                        <div class=\"holding-member__image\" style=\"background: url(https:\/\/www.ppholding.de\/wp-content\/uploads\/2019\/10\/isabel.png) no-repeat center center \/ cover;\"><\/div>\n                        <div class=\"holding-member__content-wrap\">\n                            <h3 class=\"holding-member__name\">\n                                Isabell Dolgoj                                <span class=\"holding-member__position\">Auszubildende<\/span>\n                            <\/h3>\n                            <div class=\"holding-member__content\">\n                                                                    <a class=\"holding-member__email\" href=\"mailto:i.dolgoj@ppholding.de\">\n                                        i.dolgoj@ppholding.de                                    <\/a>\n                                                            <\/div>\n                        <\/div>\n                    <\/div>\n                <\/div>\n                            <div class=\"holding-member-col\">\n                    <div class=\"holding-member\">\n                        <div class=\"holding-member__image\" style=\"background: url(https:\/\/www.ppholding.de\/wp-content\/uploads\/2019\/07\/pic1-a4e7d5d4.jpg) no-repeat center center \/ cover;\"><\/div>\n                        <div class=\"holding-member__content-wrap\">\n                            <h3 class=\"holding-member__name\">\n                                Unbekannter Mitarbeiter                                <span class=\"holding-member__position\">Seien Sie mutig und bewerben Sie sich<\/span>\n                            <\/h3>\n                            <div class=\"holding-member__content\">\n                                                            <\/div>\n                        <\/div>\n                    <\/div>\n                <\/div>\n                    <\/div>\n\n\n        \t\t<\/div>\n\t\t\t\t<\/div>\n\t\t\t\t\t<\/div>\n\t\t<\/div>\n\t\t\t\t\t\t\t<\/div>\n\t\t<\/section>\n\t\t\t\t\t\t\t<\/div>\n\t\t","protected":false},"excerpt":{"rendered":"<p>Vision\u00e4r. Erfolgreich. Pers\u00f6nlich. Gemeinsam neue Wege gehen. Seit vielen Jahren ist Berlin eine kulturelle Metropole Europas, mit aktuell j\u00e4hrlich \u00fcber 30 Millionen Besuchern aus aller Welt, einer bl\u00fchenden Start-Up- und K\u00fcnstlerszene und enormem wirtschaftlichen Entwicklungspotenzial f\u00fcr die Zukunft. Premium Property Holding &#8211; ein Immobilien-Investment und Private Equity Unternehmen &#8211; arbeitet mit Leidenschaft daran, diese Chancen [&hellip;]<\/p>\n","protected":false},"author":3,"featured_media":0,"parent":0,"menu_order":0,"comment_status":"closed","ping_status":"closed","template":"","meta":{"inline_featured_image":false,"footnotes":""},"yoast_head":"<!-- This site is optimized with the Yoast SEO plugin v21.9 - https:\/\/yoast.com\/wordpress\/plugins\/seo\/ -->\n<title>\u00dcber Uns - PPholding<\/title>\n<meta name=\"robots\" content=\"index, follow, max-snippet:-1, max-image-preview:large, max-video-preview:-1\" \/>\n<link rel=\"canonical\" href=\"https:\/\/www.ppholding.de\/en\/ueber-uns\/\" \/>\n<meta property=\"og:locale\" content=\"en_US\" \/>\n<meta property=\"og:type\" content=\"article\" \/>\n<meta property=\"og:title\" content=\"\u00dcber Uns - PPholding\" \/>\n<meta property=\"og:description\" content=\"Vision\u00e4r. Erfolgreich. Pers\u00f6nlich. Gemeinsam neue Wege gehen. Seit vielen Jahren ist Berlin eine kulturelle Metropole Europas, mit aktuell j\u00e4hrlich \u00fcber 30 Millionen Besuchern aus aller Welt, einer bl\u00fchenden Start-Up- und K\u00fcnstlerszene und enormem wirtschaftlichen Entwicklungspotenzial f\u00fcr die Zukunft. Premium Property Holding &#8211; ein Immobilien-Investment und Private Equity Unternehmen &#8211; arbeitet mit Leidenschaft daran, diese Chancen [&hellip;]\" \/>\n<meta property=\"og:url\" content=\"https:\/\/www.ppholding.de\/en\/ueber-uns\/\" \/>\n<meta property=\"og:site_name\" content=\"PPholding\" \/>\n<meta property=\"article:modified_time\" content=\"2024-01-30T12:44:14+00:00\" \/>\n<meta property=\"og:image\" content=\"https:\/\/www.ppholding.de\/wp-content\/uploads\/2019\/06\/pic_frame-1.jpg\" \/>\n<meta name=\"twitter:card\" content=\"summary_large_image\" \/>\n<meta name=\"twitter:label1\" content=\"Est. reading time\" \/>\n\t<meta name=\"twitter:data1\" content=\"2 minutes\" \/>\n<script type=\"application\/ld+json\" class=\"yoast-schema-graph\">{\"@context\":\"https:\/\/schema.org\",\"@graph\":[{\"@type\":\"WebPage\",\"@id\":\"https:\/\/www.ppholding.de\/en\/ueber-uns\/\",\"url\":\"https:\/\/www.ppholding.de\/en\/ueber-uns\/\",\"name\":\"\u00dcber Uns - PPholding\",\"isPartOf\":{\"@id\":\"https:\/\/www.ppholding.de\/en\/#website\"},\"datePublished\":\"2019-07-10T22:06:03+00:00\",\"dateModified\":\"2024-01-30T12:44:14+00:00\",\"breadcrumb\":{\"@id\":\"https:\/\/www.ppholding.de\/en\/ueber-uns\/#breadcrumb\"},\"inLanguage\":\"en-US\",\"potentialAction\":[{\"@type\":\"ReadAction\",\"target\":[\"https:\/\/www.ppholding.de\/en\/ueber-uns\/\"]}]},{\"@type\":\"BreadcrumbList\",\"@id\":\"https:\/\/www.ppholding.de\/en\/ueber-uns\/#breadcrumb\",\"itemListElement\":[{\"@type\":\"ListItem\",\"position\":1,\"name\":\"Startseite\",\"item\":\"https:\/\/www.ppholding.de\/en\/\"},{\"@type\":\"ListItem\",\"position\":2,\"name\":\"\u00dcber Uns\"}]},{\"@type\":\"WebSite\",\"@id\":\"https:\/\/www.ppholding.de\/en\/#website\",\"url\":\"https:\/\/www.ppholding.de\/en\/\",\"name\":\"PPholding\",\"description\":\"Premium Property Holding\",\"publisher\":{\"@id\":\"https:\/\/www.ppholding.de\/en\/#organization\"},\"potentialAction\":[{\"@type\":\"SearchAction\",\"target\":{\"@type\":\"EntryPoint\",\"urlTemplate\":\"https:\/\/www.ppholding.de\/en\/?s={search_term_string}\"},\"query-input\":\"required name=search_term_string\"}],\"inLanguage\":\"en-US\"},{\"@type\":\"Organization\",\"@id\":\"https:\/\/www.ppholding.de\/en\/#organization\",\"name\":\"Premium Property Holding\",\"url\":\"https:\/\/www.ppholding.de\/en\/\",\"logo\":{\"@type\":\"ImageObject\",\"inLanguage\":\"en-US\",\"@id\":\"https:\/\/www.ppholding.de\/en\/#\/schema\/logo\/image\/\",\"url\":\"https:\/\/www.ppholding.de\/wp-content\/uploads\/2019\/06\/premium-property-holding_logo_horizontal-1.png\",\"contentUrl\":\"https:\/\/www.ppholding.de\/wp-content\/uploads\/2019\/06\/premium-property-holding_logo_horizontal-1.png\",\"width\":500,\"height\":174,\"caption\":\"Premium Property Holding\"},\"image\":{\"@id\":\"https:\/\/www.ppholding.de\/en\/#\/schema\/logo\/image\/\"}}]}<\/script>\n<!-- \/ Yoast SEO plugin. -->","yoast_head_json":{"title":"\u00dcber Uns - PPholding","robots":{"index":"index","follow":"follow","max-snippet":"max-snippet:-1","max-image-preview":"max-image-preview:large","max-video-preview":"max-video-preview:-1"},"canonical":"https:\/\/www.ppholding.de\/en\/ueber-uns\/","og_locale":"en_US","og_type":"article","og_title":"\u00dcber Uns - PPholding","og_description":"Vision\u00e4r. Erfolgreich. Pers\u00f6nlich. Gemeinsam neue Wege gehen. Seit vielen Jahren ist Berlin eine kulturelle Metropole Europas, mit aktuell j\u00e4hrlich \u00fcber 30 Millionen Besuchern aus aller Welt, einer bl\u00fchenden Start-Up- und K\u00fcnstlerszene und enormem wirtschaftlichen Entwicklungspotenzial f\u00fcr die Zukunft. Premium Property Holding &#8211; ein Immobilien-Investment und Private Equity Unternehmen &#8211; arbeitet mit Leidenschaft daran, diese Chancen [&hellip;]","og_url":"https:\/\/www.ppholding.de\/en\/ueber-uns\/","og_site_name":"PPholding","article_modified_time":"2024-01-30T12:44:14+00:00","og_image":[{"url":"https:\/\/www.ppholding.de\/wp-content\/uploads\/2019\/06\/pic_frame-1.jpg"}],"twitter_card":"summary_large_image","twitter_misc":{"Est. reading time":"2 minutes"},"schema":{"@context":"https:\/\/schema.org","@graph":[{"@type":"WebPage","@id":"https:\/\/www.ppholding.de\/en\/ueber-uns\/","url":"https:\/\/www.ppholding.de\/en\/ueber-uns\/","name":"\u00dcber Uns - PPholding","isPartOf":{"@id":"https:\/\/www.ppholding.de\/en\/#website"},"datePublished":"2019-07-10T22:06:03+00:00","dateModified":"2024-01-30T12:44:14+00:00","breadcrumb":{"@id":"https:\/\/www.ppholding.de\/en\/ueber-uns\/#breadcrumb"},"inLanguage":"en-US","potentialAction":[{"@type":"ReadAction","target":["https:\/\/www.ppholding.de\/en\/ueber-uns\/"]}]},{"@type":"BreadcrumbList","@id":"https:\/\/www.ppholding.de\/en\/ueber-uns\/#breadcrumb","itemListElement":[{"@type":"ListItem","position":1,"name":"Startseite","item":"https:\/\/www.ppholding.de\/en\/"},{"@type":"ListItem","position":2,"name":"\u00dcber Uns"}]},{"@type":"WebSite","@id":"https:\/\/www.ppholding.de\/en\/#website","url":"https:\/\/www.ppholding.de\/en\/","name":"PPholding","description":"Premium Property Holding","publisher":{"@id":"https:\/\/www.ppholding.de\/en\/#organization"},"potentialAction":[{"@type":"SearchAction","target":{"@type":"EntryPoint","urlTemplate":"https:\/\/www.ppholding.de\/en\/?s={search_term_string}"},"query-input":"required name=search_term_string"}],"inLanguage":"en-US"},{"@type":"Organization","@id":"https:\/\/www.ppholding.de\/en\/#organization","name":"Premium Property Holding","url":"https:\/\/www.ppholding.de\/en\/","logo":{"@type":"ImageObject","inLanguage":"en-US","@id":"https:\/\/www.ppholding.de\/en\/#\/schema\/logo\/image\/","url":"https:\/\/www.ppholding.de\/wp-content\/uploads\/2019\/06\/premium-property-holding_logo_horizontal-1.png","contentUrl":"https:\/\/www.ppholding.de\/wp-content\/uploads\/2019\/06\/premium-property-holding_logo_horizontal-1.png","width":500,"height":174,"caption":"Premium Property Holding"},"image":{"@id":"https:\/\/www.ppholding.de\/en\/#\/schema\/logo\/image\/"}}]}},"_links":{"self":[{"href":"https:\/\/www.ppholding.de\/en\/wp-json\/wp\/v2\/pages\/694"}],"collection":[{"href":"https:\/\/www.ppholding.de\/en\/wp-json\/wp\/v2\/pages"}],"about":[{"href":"https:\/\/www.ppholding.de\/en\/wp-json\/wp\/v2\/types\/page"}],"author":[{"embeddable":true,"href":"https:\/\/www.ppholding.de\/en\/wp-json\/wp\/v2\/users\/3"}],"replies":[{"embeddable":true,"href":"https:\/\/www.ppholding.de\/en\/wp-json\/wp\/v2\/comments?post=694"}],"version-history":[{"count":65,"href":"https:\/\/www.ppholding.de\/en\/wp-json\/wp\/v2\/pages\/694\/revisions"}],"predecessor-version":[{"id":1731,"href":"https:\/\/www.ppholding.de\/en\/wp-json\/wp\/v2\/pages\/694\/revisions\/1731"}],"wp:attachment":[{"href":"https:\/\/www.ppholding.de\/en\/wp-json\/wp\/v2\/media?parent=694"}],"curies":[{"name":"wp","href":"https:\/\/api.w.org\/{rel}","templated":true}]}}